{"id":109,"date":"2024-07-12T15:35:40","date_gmt":"2024-07-12T13:35:40","guid":{"rendered":"https:\/\/addvntur.com\/?page_id=109"},"modified":"2024-12-20T17:29:59","modified_gmt":"2024-12-20T16:29:59","slug":"contact","status":"publish","type":"page","link":"https:\/\/addvntur.com\/en\/contact\/","title":{"rendered":"Contact"},"content":{"rendered":"<div data-elementor-type=\"wp-page\" data-elementor-id=\"109\" class=\"elementor elementor-109\" data-elementor-post-type=\"page\">\n\t\t\t\t<div class=\"elementor-element elementor-element-6c66427 e-flex e-con-boxed e-con e-parent\" data-id=\"6c66427\" data-element_type=\"container\" data-settings=\"{&quot;background_background&quot;:&quot;classic&quot;}\">\n\t\t\t\t\t<div class=\"e-con-inner\">\n\t\t\t\t<div class=\"elementor-element elementor-element-3bae9b97 elementor-widget elementor-widget-heading\" data-id=\"3bae9b97\" data-element_type=\"widget\" data-widget_type=\"heading.default\">\n\t\t\t\t<div class=\"elementor-widget-container\">\n\t\t\t\t\t<h1 class=\"elementor-heading-title elementor-size-default\">Contact Us<\/h1>\t\t\t\t<\/div>\n\t\t\t\t<\/div>\n\t\t\t\t\t<\/div>\n\t\t\t\t<\/div>\n\t\t<div class=\"elementor-element elementor-element-b4a5369 e-flex e-con-boxed e-con e-parent\" data-id=\"b4a5369\" data-element_type=\"container\">\n\t\t\t\t\t<div class=\"e-con-inner\">\n\t\t<div class=\"elementor-element elementor-element-6bcf10d e-con-full e-flex e-con e-child\" data-id=\"6bcf10d\" data-element_type=\"container\">\n\t\t<div class=\"elementor-element elementor-element-4e9df72 e-flex e-con-boxed e-con e-child\" data-id=\"4e9df72\" data-element_type=\"container\">\n\t\t\t\t\t<div class=\"e-con-inner\">\n\t\t\t\t<div class=\"elementor-element elementor-element-0d954a5 elementor-widget elementor-widget-heading\" data-id=\"0d954a5\" data-element_type=\"widget\" data-widget_type=\"heading.default\">\n\t\t\t\t<div class=\"elementor-widget-container\">\n\t\t\t\t\t<h2 class=\"elementor-heading-title elementor-size-default\">A Partner at your Side for your Projects<\/h2>\t\t\t\t<\/div>\n\t\t\t\t<\/div>\n\t\t\t\t<div class=\"elementor-element elementor-element-dae1c93 elementor-widget elementor-widget-text-editor\" data-id=\"dae1c93\" data-element_type=\"widget\" data-widget_type=\"text-editor.default\">\n\t\t\t\t<div class=\"elementor-widget-container\">\n\t\t\t\t\t\t\t\t\t<p><strong><span class=\"NormalTextRun SCXW48386960 BCX0\">Specializing in corporate services, fund creation and M&amp;A transactions in the private equity sector<\/span><\/strong><span class=\"NormalTextRun SCXW48386960 BCX0\">, we combine expertise and innovation to offer tailor-made legal solutions.<\/span><\/p>\t\t\t\t\t\t\t\t<\/div>\n\t\t\t\t<\/div>\n\t\t<div class=\"elementor-element elementor-element-9507e86 e-con-full e-flex e-con e-child\" data-id=\"9507e86\" data-element_type=\"container\">\n\t\t\t\t<div class=\"elementor-element elementor-element-ee941de elementor-widget elementor-widget-heading\" data-id=\"ee941de\" data-element_type=\"widget\" data-widget_type=\"heading.default\">\n\t\t\t\t<div class=\"elementor-widget-container\">\n\t\t\t\t\t<h3 class=\"elementor-heading-title elementor-size-default\">Address<\/h3>\t\t\t\t<\/div>\n\t\t\t\t<\/div>\n\t\t\t\t<div class=\"elementor-element elementor-element-433de45 elementor-widget elementor-widget-text-editor\" data-id=\"433de45\" data-element_type=\"widget\" data-widget_type=\"text-editor.default\">\n\t\t\t\t<div class=\"elementor-widget-container\">\n\t\t\t\t\t\t\t\t\t<p>20 Rue des Peupliers<br \/>L-2328 Hamm-Luxembourg<br \/>Luxembourg<\/p>\t\t\t\t\t\t\t\t<\/div>\n\t\t\t\t<\/div>\n\t\t\t\t<div class=\"elementor-element elementor-element-9c4bf9a elementor-widget elementor-widget-button\" data-id=\"9c4bf9a\" data-element_type=\"widget\" data-widget_type=\"button.default\">\n\t\t\t\t<div class=\"elementor-widget-container\">\n\t\t\t\t\t\t\t\t\t<div class=\"elementor-button-wrapper\">\n\t\t\t\t\t<a class=\"elementor-button elementor-button-link elementor-size-sm\" href=\"mailto:tabary@addvntur.com\">\n\t\t\t\t\t\t<span class=\"elementor-button-content-wrapper\">\n\t\t\t\t\t\t\t\t\t<span class=\"elementor-button-text\">Email<\/span>\n\t\t\t\t\t<\/span>\n\t\t\t\t\t<\/a>\n\t\t\t\t<\/div>\n\t\t\t\t\t\t\t\t<\/div>\n\t\t\t\t<\/div>\n\t\t\t\t<\/div>\n\t\t\t\t\t<\/div>\n\t\t\t\t<\/div>\n\t\t\t\t<\/div>\n\t\t<div class=\"elementor-element elementor-element-8cf51cc e-con-full e-flex e-con e-child\" data-id=\"8cf51cc\" data-element_type=\"container\" data-settings=\"{&quot;background_background&quot;:&quot;slideshow&quot;,&quot;background_slideshow_gallery&quot;:[{&quot;id&quot;:567,&quot;url&quot;:&quot;https:\\\/\\\/addvntur.com\\\/wp-content\\\/uploads\\\/2024\\\/09\\\/addvntur-law-firm-luxembourg-missions.jpg&quot;}],&quot;background_slideshow_loop&quot;:&quot;yes&quot;,&quot;background_slideshow_slide_duration&quot;:5000,&quot;background_slideshow_slide_transition&quot;:&quot;fade&quot;,&quot;background_slideshow_transition_duration&quot;:500}\">\n\t\t\t\t<\/div>\n\t\t\t\t\t<\/div>\n\t\t\t\t<\/div>\n\t\t<div class=\"elementor-element elementor-element-1f526f62 e-flex e-con-boxed e-con e-parent\" data-id=\"1f526f62\" data-element_type=\"container\" data-settings=\"{&quot;background_background&quot;:&quot;classic&quot;}\">\n\t\t\t\t\t<div class=\"e-con-inner\">\n\t\t<div class=\"elementor-element elementor-element-4d81f3bf e-con-full e-flex e-con e-child\" data-id=\"4d81f3bf\" data-element_type=\"container\" data-settings=\"{&quot;background_background&quot;:&quot;classic&quot;}\">\n\t\t\t\t<\/div>\n\t\t<div class=\"elementor-element elementor-element-3ab323a5 e-con-full e-flex e-con e-child\" data-id=\"3ab323a5\" data-element_type=\"container\" data-settings=\"{&quot;motion_fx_motion_fx_scrolling&quot;:&quot;yes&quot;,&quot;motion_fx_translateY_effect&quot;:&quot;yes&quot;,&quot;motion_fx_translateY_direction&quot;:&quot;negative&quot;,&quot;motion_fx_translateY_speed&quot;:{&quot;unit&quot;:&quot;px&quot;,&quot;size&quot;:1,&quot;sizes&quot;:[]},&quot;motion_fx_translateY_affectedRange&quot;:{&quot;unit&quot;:&quot;%&quot;,&quot;size&quot;:&quot;&quot;,&quot;sizes&quot;:{&quot;start&quot;:0,&quot;end&quot;:100}},&quot;motion_fx_devices&quot;:[&quot;desktop&quot;,&quot;tablet&quot;,&quot;mobile&quot;]}\">\n\t\t\t\t<div class=\"elementor-element elementor-element-4da81fdd elementor-invisible elementor-widget elementor-widget-heading\" data-id=\"4da81fdd\" data-element_type=\"widget\" data-settings=\"{&quot;_animation&quot;:&quot;fadeIn&quot;}\" data-widget_type=\"heading.default\">\n\t\t\t\t<div class=\"elementor-widget-container\">\n\t\t\t\t\t<h2 class=\"elementor-heading-title elementor-size-default\">A Partnership built on Trust<\/h2>\t\t\t\t<\/div>\n\t\t\t\t<\/div>\n\t\t\t\t<div class=\"elementor-element elementor-element-30abb280 elementor-invisible elementor-widget elementor-widget-text-editor\" data-id=\"30abb280\" data-element_type=\"widget\" data-settings=\"{&quot;_animation&quot;:&quot;fadeIn&quot;,&quot;_animation_delay&quot;:200}\" data-widget_type=\"text-editor.default\">\n\t\t\t\t<div class=\"elementor-widget-container\">\n\t\t\t\t\t\t\t\t\t<p>Our commitment to excellence and in-depth knowledge of the Luxembourg private equity landscape enables us to <strong>provide strategic and effective legal solutions<\/strong>.<\/p><p>We support our clients every step of the way, ensuring that their investments are protected and positioned for growth, making us <strong>a trusted partner in achieving their goals<\/strong>.<\/p>\t\t\t\t\t\t\t\t<\/div>\n\t\t\t\t<\/div>\n\t\t\t\t<div class=\"elementor-element elementor-element-b4581eb elementor-align-justify elementor-widget__width-initial elementor-invisible elementor-widget elementor-widget-button\" data-id=\"b4581eb\" data-element_type=\"widget\" data-settings=\"{&quot;_animation&quot;:&quot;fadeIn&quot;,&quot;_animation_delay&quot;:450}\" data-widget_type=\"button.default\">\n\t\t\t\t<div class=\"elementor-widget-container\">\n\t\t\t\t\t\t\t\t\t<div class=\"elementor-button-wrapper\">\n\t\t\t\t\t<a class=\"elementor-button elementor-button-link elementor-size-sm\" href=\"https:\/\/addvntur.com\/en\/a-propos\/\">\n\t\t\t\t\t\t<span class=\"elementor-button-content-wrapper\">\n\t\t\t\t\t\t\t\t\t<span class=\"elementor-button-text\">About Us<\/span>\n\t\t\t\t\t<\/span>\n\t\t\t\t\t<\/a>\n\t\t\t\t<\/div>\n\t\t\t\t\t\t\t\t<\/div>\n\t\t\t\t<\/div>\n\t\t\t\t<\/div>\n\t\t\t\t\t<\/div>\n\t\t\t\t<\/div>\n\t\t<div class=\"elementor-element elementor-element-5e30c8e5 e-con-full e-flex e-con e-parent\" data-id=\"5e30c8e5\" data-element_type=\"container\" data-settings=\"{&quot;background_background&quot;:&quot;classic&quot;}\">\n\t\t<div class=\"elementor-element elementor-element-64519e43 e-con-full e-flex e-con e-child\" data-id=\"64519e43\" data-element_type=\"container\">\n\t\t\t\t<div class=\"elementor-element elementor-element-16e9fcea elementor-invisible elementor-widget elementor-widget-heading\" data-id=\"16e9fcea\" data-element_type=\"widget\" data-settings=\"{&quot;_animation&quot;:&quot;fadeIn&quot;}\" data-widget_type=\"heading.default\">\n\t\t\t\t<div class=\"elementor-widget-container\">\n\t\t\t\t\t<h2 class=\"elementor-heading-title elementor-size-default\">Our Services<\/h2>\t\t\t\t<\/div>\n\t\t\t\t<\/div>\n\t\t\t\t<div class=\"elementor-element elementor-element-37901756 elementor-invisible elementor-widget elementor-widget-text-editor\" data-id=\"37901756\" data-element_type=\"widget\" data-settings=\"{&quot;_animation&quot;:&quot;fadeIn&quot;,&quot;_animation_delay&quot;:300}\" data-widget_type=\"text-editor.default\">\n\t\t\t\t<div class=\"elementor-widget-container\">\n\t\t\t\t\t\t\t\t\t<p><span class=\"NormalTextRun SCXW21510452 BCX0\">Our long-term commitment allows us to build lasting relationships with our customers and support their growth and projects over time. <\/span><\/p><p><strong><span class=\"NormalTextRun SCXW21510452 BCX0\">By focusing on delivering value to our customers rather than simply being available, we differentiate ourselves\u00a0<\/span><span class=\"NormalTextRun SCXW21510452 BCX0\">by providing tangible, relevant solutions.<\/span><\/strong><\/p>\t\t\t\t\t\t\t\t<\/div>\n\t\t\t\t<\/div>\n\t\t\t\t<div class=\"elementor-element elementor-element-5f5c35ed elementor-align-justify elementor-widget__width-initial elementor-invisible elementor-widget elementor-widget-button\" data-id=\"5f5c35ed\" data-element_type=\"widget\" data-settings=\"{&quot;_animation&quot;:&quot;fadeIn&quot;,&quot;_animation_delay&quot;:600}\" data-widget_type=\"button.default\">\n\t\t\t\t<div class=\"elementor-widget-container\">\n\t\t\t\t\t\t\t\t\t<div class=\"elementor-button-wrapper\">\n\t\t\t\t\t<a class=\"elementor-button elementor-button-link elementor-size-sm\" href=\"https:\/\/addvntur.com\/en\/services\/\">\n\t\t\t\t\t\t<span class=\"elementor-button-content-wrapper\">\n\t\t\t\t\t\t\t\t\t<span class=\"elementor-button-text\">Our Services<\/span>\n\t\t\t\t\t<\/span>\n\t\t\t\t\t<\/a>\n\t\t\t\t<\/div>\n\t\t\t\t\t\t\t\t<\/div>\n\t\t\t\t<\/div>\n\t\t\t\t<\/div>\n\t\t<div class=\"elementor-element elementor-element-6c9de0eb e-con-full e-flex e-con e-child\" data-id=\"6c9de0eb\" data-element_type=\"container\" data-settings=\"{&quot;background_background&quot;:&quot;classic&quot;}\">\n\t\t\t\t<\/div>\n\t\t\t\t<\/div>\n\t\t\t\t<\/div>","protected":false},"excerpt":{"rendered":"<p>Contactez-nous Un partenaire \u00e0 vos c\u00f4t\u00e9s pour vos projets Sp\u00e9cialis\u00e9s en services aux entreprises, cr\u00e9ation de fonds et transactions de fusion et acquisition dans le secteur du Private Equity, nous allions expertise et innovation pour offrir des solutions juridiques sur mesure. Adresse 20 Rue des PeupliersL-2328 Hamm-LuxembourgLuxembourg E-mail Un partenariat de confiance Notre engagement en [&hellip;]<\/p>","protected":false},"author":2,"featured_media":1010,"parent":0,"menu_order":0,"comment_status":"closed","ping_status":"closed","template":"elementor_header_footer","meta":{"footnotes":""},"class_list":["post-109","page","type-page","status-publish","has-post-thumbnail","hentry"],"yoast_head":"<!-- This site is optimized with the Yoast SEO plugin v26.3 - https:\/\/yoast.com\/wordpress\/plugins\/seo\/ -->\n<title>Contact - AddVntur Soci\u00e9t\u00e9 d&#039;Avocats - Luxembourg<\/title>\n<meta name=\"description\" content=\"AddVntur Soci\u00e9t\u00e9 d&#039;Avocats propose des solutions juridiques strat\u00e9giques et efficaces. Contactez-nous pour plus d&#039;informations.\" \/>\n<meta name=\"robots\" content=\"index, follow, max-snippet:-1, max-image-preview:large, max-video-preview:-1\" \/>\n<link rel=\"canonical\" href=\"https:\/\/addvntur.com\/en\/contact\/\" \/>\n<meta property=\"og:locale\" content=\"en_US\" \/>\n<meta property=\"og:type\" content=\"article\" \/>\n<meta property=\"og:title\" content=\"Contact - AddVntur Soci\u00e9t\u00e9 d&#039;Avocats - Luxembourg\" \/>\n<meta property=\"og:description\" content=\"AddVntur Soci\u00e9t\u00e9 d&#039;Avocats propose des solutions juridiques strat\u00e9giques et efficaces. Contactez-nous pour plus d&#039;informations.\" \/>\n<meta property=\"og:url\" content=\"https:\/\/addvntur.com\/en\/contact\/\" \/>\n<meta property=\"og:site_name\" content=\"AddVntur\" \/>\n<meta property=\"article:modified_time\" content=\"2024-12-20T16:29:59+00:00\" \/>\n<meta property=\"og:image\" content=\"https:\/\/addvntur.com\/wp-content\/uploads\/2024\/12\/addvntur-societe-avocats-luxembourg-homepage.jpg\" \/>\n\t<meta property=\"og:image:width\" content=\"900\" \/>\n\t<meta property=\"og:image:height\" content=\"600\" \/>\n\t<meta property=\"og:image:type\" content=\"image\/jpeg\" \/>\n<meta name=\"twitter:card\" content=\"summary_large_image\" \/>\n<meta name=\"twitter:label1\" content=\"Est. reading time\" \/>\n\t<meta name=\"twitter:data1\" content=\"1 minute\" \/>\n<script type=\"application\/ld+json\" class=\"yoast-schema-graph\">{\"@context\":\"https:\/\/schema.org\",\"@graph\":[{\"@type\":\"WebPage\",\"@id\":\"https:\/\/addvntur.com\/contact\/\",\"url\":\"https:\/\/addvntur.com\/contact\/\",\"name\":\"Contact - AddVntur Soci\u00e9t\u00e9 d'Avocats - Luxembourg\",\"isPartOf\":{\"@id\":\"https:\/\/addvntur.com\/#website\"},\"primaryImageOfPage\":{\"@id\":\"https:\/\/addvntur.com\/contact\/#primaryimage\"},\"image\":{\"@id\":\"https:\/\/addvntur.com\/contact\/#primaryimage\"},\"thumbnailUrl\":\"https:\/\/addvntur.com\/wp-content\/uploads\/2024\/12\/addvntur-societe-avocats-luxembourg-homepage.jpg\",\"datePublished\":\"2024-07-12T13:35:40+00:00\",\"dateModified\":\"2024-12-20T16:29:59+00:00\",\"description\":\"AddVntur Soci\u00e9t\u00e9 d'Avocats propose des solutions juridiques strat\u00e9giques et efficaces. Contactez-nous pour plus d'informations.\",\"breadcrumb\":{\"@id\":\"https:\/\/addvntur.com\/contact\/#breadcrumb\"},\"inLanguage\":\"en-US\",\"potentialAction\":[{\"@type\":\"ReadAction\",\"target\":[\"https:\/\/addvntur.com\/contact\/\"]}]},{\"@type\":\"ImageObject\",\"inLanguage\":\"en-US\",\"@id\":\"https:\/\/addvntur.com\/contact\/#primaryimage\",\"url\":\"https:\/\/addvntur.com\/wp-content\/uploads\/2024\/12\/addvntur-societe-avocats-luxembourg-homepage.jpg\",\"contentUrl\":\"https:\/\/addvntur.com\/wp-content\/uploads\/2024\/12\/addvntur-societe-avocats-luxembourg-homepage.jpg\",\"width\":900,\"height\":600},{\"@type\":\"BreadcrumbList\",\"@id\":\"https:\/\/addvntur.com\/contact\/#breadcrumb\",\"itemListElement\":[{\"@type\":\"ListItem\",\"position\":1,\"name\":\"Accueil\",\"item\":\"https:\/\/addvntur.com\/\"},{\"@type\":\"ListItem\",\"position\":2,\"name\":\"Contact\"}]},{\"@type\":\"WebSite\",\"@id\":\"https:\/\/addvntur.com\/#website\",\"url\":\"https:\/\/addvntur.com\/\",\"name\":\"AddVntur\",\"description\":\"AddVntur - Soci\u00e9t\u00e9 d&#039;Avocats au Luxembourg\",\"publisher\":{\"@id\":\"https:\/\/addvntur.com\/#organization\"},\"potentialAction\":[{\"@type\":\"SearchAction\",\"target\":{\"@type\":\"EntryPoint\",\"urlTemplate\":\"https:\/\/addvntur.com\/?s={search_term_string}\"},\"query-input\":{\"@type\":\"PropertyValueSpecification\",\"valueRequired\":true,\"valueName\":\"search_term_string\"}}],\"inLanguage\":\"en-US\"},{\"@type\":\"Organization\",\"@id\":\"https:\/\/addvntur.com\/#organization\",\"name\":\"AddVntur\",\"url\":\"https:\/\/addvntur.com\/\",\"logo\":{\"@type\":\"ImageObject\",\"inLanguage\":\"en-US\",\"@id\":\"https:\/\/addvntur.com\/#\/schema\/logo\/image\/\",\"url\":\"https:\/\/addvntur.com\/wp-content\/uploads\/2024\/07\/addvntur-luxembourg-logo-simple-horizontal-white.png\",\"contentUrl\":\"https:\/\/addvntur.com\/wp-content\/uploads\/2024\/07\/addvntur-luxembourg-logo-simple-horizontal-white.png\",\"width\":6000,\"height\":1476,\"caption\":\"AddVntur\"},\"image\":{\"@id\":\"https:\/\/addvntur.com\/#\/schema\/logo\/image\/\"}}]}<\/script>\n<!-- \/ Yoast SEO plugin. -->","yoast_head_json":{"title":"Contact - AddVntur Soci\u00e9t\u00e9 d'Avocats - Luxembourg","description":"AddVntur Soci\u00e9t\u00e9 d'Avocats propose des solutions juridiques strat\u00e9giques et efficaces. Contactez-nous pour plus d'informations.","robots":{"index":"index","follow":"follow","max-snippet":"max-snippet:-1","max-image-preview":"max-image-preview:large","max-video-preview":"max-video-preview:-1"},"canonical":"https:\/\/addvntur.com\/en\/contact\/","og_locale":"en_US","og_type":"article","og_title":"Contact - AddVntur Soci\u00e9t\u00e9 d'Avocats - Luxembourg","og_description":"AddVntur Soci\u00e9t\u00e9 d'Avocats propose des solutions juridiques strat\u00e9giques et efficaces. Contactez-nous pour plus d'informations.","og_url":"https:\/\/addvntur.com\/en\/contact\/","og_site_name":"AddVntur","article_modified_time":"2024-12-20T16:29:59+00:00","og_image":[{"width":900,"height":600,"url":"https:\/\/addvntur.com\/wp-content\/uploads\/2024\/12\/addvntur-societe-avocats-luxembourg-homepage.jpg","type":"image\/jpeg"}],"twitter_card":"summary_large_image","twitter_misc":{"Est. reading time":"1 minute"},"schema":{"@context":"https:\/\/schema.org","@graph":[{"@type":"WebPage","@id":"https:\/\/addvntur.com\/contact\/","url":"https:\/\/addvntur.com\/contact\/","name":"Contact - AddVntur Soci\u00e9t\u00e9 d'Avocats - Luxembourg","isPartOf":{"@id":"https:\/\/addvntur.com\/#website"},"primaryImageOfPage":{"@id":"https:\/\/addvntur.com\/contact\/#primaryimage"},"image":{"@id":"https:\/\/addvntur.com\/contact\/#primaryimage"},"thumbnailUrl":"https:\/\/addvntur.com\/wp-content\/uploads\/2024\/12\/addvntur-societe-avocats-luxembourg-homepage.jpg","datePublished":"2024-07-12T13:35:40+00:00","dateModified":"2024-12-20T16:29:59+00:00","description":"AddVntur Soci\u00e9t\u00e9 d'Avocats propose des solutions juridiques strat\u00e9giques et efficaces. Contactez-nous pour plus d'informations.","breadcrumb":{"@id":"https:\/\/addvntur.com\/contact\/#breadcrumb"},"inLanguage":"en-US","potentialAction":[{"@type":"ReadAction","target":["https:\/\/addvntur.com\/contact\/"]}]},{"@type":"ImageObject","inLanguage":"en-US","@id":"https:\/\/addvntur.com\/contact\/#primaryimage","url":"https:\/\/addvntur.com\/wp-content\/uploads\/2024\/12\/addvntur-societe-avocats-luxembourg-homepage.jpg","contentUrl":"https:\/\/addvntur.com\/wp-content\/uploads\/2024\/12\/addvntur-societe-avocats-luxembourg-homepage.jpg","width":900,"height":600},{"@type":"BreadcrumbList","@id":"https:\/\/addvntur.com\/contact\/#breadcrumb","itemListElement":[{"@type":"ListItem","position":1,"name":"Accueil","item":"https:\/\/addvntur.com\/"},{"@type":"ListItem","position":2,"name":"Contact"}]},{"@type":"WebSite","@id":"https:\/\/addvntur.com\/#website","url":"https:\/\/addvntur.com\/","name":"AddVntur","description":"AddVntur - Soci\u00e9t\u00e9 d&#039;Avocats au Luxembourg","publisher":{"@id":"https:\/\/addvntur.com\/#organization"},"potentialAction":[{"@type":"SearchAction","target":{"@type":"EntryPoint","urlTemplate":"https:\/\/addvntur.com\/?s={search_term_string}"},"query-input":{"@type":"PropertyValueSpecification","valueRequired":true,"valueName":"search_term_string"}}],"inLanguage":"en-US"},{"@type":"Organization","@id":"https:\/\/addvntur.com\/#organization","name":"AddVntur","url":"https:\/\/addvntur.com\/","logo":{"@type":"ImageObject","inLanguage":"en-US","@id":"https:\/\/addvntur.com\/#\/schema\/logo\/image\/","url":"https:\/\/addvntur.com\/wp-content\/uploads\/2024\/07\/addvntur-luxembourg-logo-simple-horizontal-white.png","contentUrl":"https:\/\/addvntur.com\/wp-content\/uploads\/2024\/07\/addvntur-luxembourg-logo-simple-horizontal-white.png","width":6000,"height":1476,"caption":"AddVntur"},"image":{"@id":"https:\/\/addvntur.com\/#\/schema\/logo\/image\/"}}]}},"_links":{"self":[{"href":"https:\/\/addvntur.com\/en\/wp-json\/wp\/v2\/pages\/109","targetHints":{"allow":["GET"]}}],"collection":[{"href":"https:\/\/addvntur.com\/en\/wp-json\/wp\/v2\/pages"}],"about":[{"href":"https:\/\/addvntur.com\/en\/wp-json\/wp\/v2\/types\/page"}],"author":[{"embeddable":true,"href":"https:\/\/addvntur.com\/en\/wp-json\/wp\/v2\/users\/2"}],"replies":[{"embeddable":true,"href":"https:\/\/addvntur.com\/en\/wp-json\/wp\/v2\/comments?post=109"}],"version-history":[{"count":25,"href":"https:\/\/addvntur.com\/en\/wp-json\/wp\/v2\/pages\/109\/revisions"}],"predecessor-version":[{"id":1005,"href":"https:\/\/addvntur.com\/en\/wp-json\/wp\/v2\/pages\/109\/revisions\/1005"}],"wp:featuredmedia":[{"embeddable":true,"href":"https:\/\/addvntur.com\/en\/wp-json\/wp\/v2\/media\/1010"}],"wp:attachment":[{"href":"https:\/\/addvntur.com\/en\/wp-json\/wp\/v2\/media?parent=109"}],"curies":[{"name":"wp","href":"https:\/\/api.w.org\/{rel}","templated":true}]}}